{"id":5973,"date":"2023-04-17T15:37:58","date_gmt":"2023-04-17T13:37:58","guid":{"rendered":"https:\/\/valongo.motelavenue.pt\/es\/?page_id=5973"},"modified":"2023-04-17T15:39:58","modified_gmt":"2023-04-17T13:39:58","slug":"terminos-y-condiciones","status":"publish","type":"page","link":"https:\/\/valongo.motelavenue.pt\/es\/terminos-y-condiciones\/","title":{"rendered":"T\u00e9rminos y condiciones"},"content":{"rendered":"\t\t<div data-elementor-type=\"wp-page\" data-elementor-id=\"5973\" class=\"elementor elementor-5973\" data-elementor-post-type=\"page\">\n\t\t\t\t\t\t<section class=\"elementor-section elementor-top-section elementor-element elementor-element-1e4f163 elementor-section-boxed elementor-section-height-default elementor-section-height-default\" data-id=\"1e4f163\" data-element_type=\"section\" data-e-type=\"section\">\n\t\t\t\t\t\t<div class=\"elementor-container elementor-column-gap-default\">\n\t\t\t\t\t<div class=\"elementor-column elementor-col-100 elementor-top-column elementor-element elementor-element-6edb761\" data-id=\"6edb761\" data-element_type=\"column\" data-e-type=\"column\">\n\t\t\t<div class=\"elementor-widget-wrap elementor-element-populated\">\n\t\t\t\t\t\t<div class=\"elementor-element elementor-element-ee9cb00 elementor-widget elementor-widget-text-editor\" data-id=\"ee9cb00\" data-element_type=\"widget\" data-e-type=\"widget\" data-widget_type=\"text-editor.default\">\n\t\t\t\t<div class=\"elementor-widget-container\">\n\t\t\t\t\t\t\t\t\t<h1><strong>T\u00c9RMINOS Y CONDICIONES<br \/><\/strong><\/h1><p>Registro Nacional de Empreendimentos Tur\u00edsticos <strong>(RNET): 8766<\/strong><\/p><ol><li><strong> \u00c1MBITO DE APLICACI\u00d3N<\/strong><br \/>Los t\u00e9rminos y condiciones contenidos en este documento se aplicar\u00e1n a la relaci\u00f3n entre el visitante (en adelante, el \u201cCliente\u201d) y <strong>Motel Avenue Valongo<\/strong> desde el momento en que se solicita el check-in hasta el momento en que finaliza el per\u00edodo de alojamiento elegido.<\/li><li><strong> ALOJAMIENTO CELEBRACION<\/strong><br \/>1. Al registrarse en una habitaci\u00f3n, el Cliente realiza una solicitud de alojamiento en el <strong>Motel Avenue Valongo<\/strong>. Si hay habitaciones disponibles, <strong>Motel Avenue Valongo<\/strong> facilitar\u00e1 al Cliente el acceso a la habitaci\u00f3n respectiva.<\/li><li><strong>Motel Avenue Valongo<\/strong> solo garantiza al Cliente la disponibilidad de una habitaci\u00f3n de la categor\u00eda elegida y no la disponibilidad de una habitaci\u00f3n del motel en espec\u00edfico.<br \/><br \/><\/li><\/ol><p><strong>III. TIPOS DE RESERVAS Y CANCELACIONES<\/strong><br \/>1. En el <strong>Motel Avenue Valongo<\/strong>, el Cliente debe hacer una reserva con al menos 72 horas de anticipaci\u00f3n y con el pago total de la misma, las estancias comienzan en el momento que el cliente solicita en la reserva y finalizan al finalizar el periodo contratado.<\/p><ol start=\"2\"><li>Si la solicitud de cancelaci\u00f3n de la Reserva se solicita 24 horas antes de la fecha confirmada, la misma podr\u00e1 ser reprogramada, pero no se devolver\u00e1 el pago respectivo al cliente.<\/li><\/ol><p>\u00a0<\/p><ol start=\"2\"><li><strong> CHECK-IN Y CHECK-OUT<\/strong><br \/>1. El <strong>Motel Avenue Valongo<\/strong> pondr\u00e1 a disposici\u00f3n del Cliente una habitaci\u00f3n de la categor\u00eda solicitada a partir de la fecha de llegada o, si el Cliente no ha realizado reserva y contrata el alojamiento en la recepci\u00f3n del motel, en funci\u00f3n de la categor\u00eda deseada y de conformidad con la disponibilidad del motel.<\/li><li>A su llegada al motel, el Cliente deber\u00e1 abonar inmediatamente el precio adeudado por la habitaci\u00f3n, n\u00famero de noches de estancia y servicios adicionales.<\/li><li>Previo pago, el <strong>Motel Avenue Valongo<\/strong> facilitar\u00e1 al Cliente el acceso a la habitaci\u00f3n, que permanecer\u00e1 vigente durante el per\u00edodo de estancia contratado.<\/li><li>En la fecha de salida, el Cliente deber\u00e1 dejar la habitaci\u00f3n desocupada sin personas ni bienes y sin ning\u00fan da\u00f1o.<\/li><li>Si la habitaci\u00f3n no queda libre en el plazo elegido por el cliente, se cobrar\u00e1 inmediatamente una nueva estancia.<\/li><\/ol><p>\u00a0<\/p><ol><li><strong> ANIMALES<\/strong><br \/>1. Queda expresamente prohibido alojar animales en el <strong>Motel Avenue Valongo.<\/strong><\/li><li>La introducci\u00f3n por parte del Cliente de animales permitir\u00e1 a <strong>Motel Avenue Valongo <\/strong>rescindir inmediatamente el contrato con el Cliente y le obligar\u00e1 a abandonar el motel sin reembolsar las cantidades pagadas por la puesta a disposici\u00f3n de la habitaci\u00f3n durante el per\u00edodo de estancia contratado.<\/li><\/ol><p>\u00a0<\/p><ol><li><strong> CONDICIONES DE USO<\/strong><br \/>1. \u00danicamente tendr\u00e1n derecho a utilizar la habitaci\u00f3n del motel las personas indicadas en la reserva de alojamiento o en el check-in. Solo se permiten dos personas por habitaci\u00f3n, con m\u00e1s de dos personas se cobrar\u00e1 a la entrada o salida el importe correspondiente a 30\u20ac m\u00e1s por persona.<\/li><li>Los clientes deben tratar la habitaci\u00f3n del motel con cuidado y consideraci\u00f3n.<\/li><li>El Cliente debe tratar a los dem\u00e1s Clientes del motel con consideraci\u00f3n y respetar las reglas del motel que tambi\u00e9n forman parte del contrato de alojamiento.<\/li><li>No se permite que el cliente cocine alimentos tra\u00eddos a la habitaci\u00f3n del motel ni a ninguna otra parte de las instalaciones del motel.<\/li><li><br \/>Se recomienda encarecidamente al Cliente que no se quede ni se vaya sin dinero, joyas, objetos de valor u otros objetos de valor dejados en la habitaci\u00f3n del motel o en los veh\u00edculos estacionados en el <strong>Motel Avenue Valongo<\/strong><\/li><li><strong>Motel Avenue Valongo<\/strong> no asume ninguna responsabilidad en caso de robo, p\u00e9rdida o deterioro de objetos de valor como dinero, joyas u otros objetos de valor considerable si tales hechos se producen en la habitaci\u00f3n del motel o en el interior de los veh\u00edculos estacionados en el aparcamiento.<\/li><\/ol><p>\u00a0<\/p><ol start=\"7\"><li>Las habitaciones ser\u00e1n revisadas antes de realizar el check-out, por lo que rogamos su especial cortes\u00eda, para avisar a recepci\u00f3n que va a salir de la suite marque 9 desde el tel\u00e9fono, para poder comenzar con la revisi\u00f3n. Al llegar a la puerta de salida, si falta alg\u00fan elemento de nuestro mobiliario, el valor del mismo se agregar\u00e1 a su cuenta. El uso de los productos y utensilios del motel son de uso exclusivo dentro del motel.<\/li><\/ol><p><br \/>Solicitamos la colaboraci\u00f3n de todos nuestros clientes para cuidar todo el mobiliario disponible en la suite. Cualquier da\u00f1o a los muebles o accesorios se agregar\u00e1 a la cantidad a pagar.<\/p><ol start=\"8\"><li>Est\u00e1 prohibido el uso de velas u otros materiales inflamables en el interior de las habitaciones, as\u00ed como p\u00e9talos, aceites, u otros elementos que requieran una limpieza a fondo, pudiendo cobrarse un suplemento por un importe que puede variar entre 500\u20ac y 1500\u20ac por da\u00f1o o limpieza adicional.<\/li><\/ol><p>\u00a0<\/p><ol start=\"9\"><li>No se permite fumar dentro de las habitaciones. Le rogamos que respete las se\u00f1ales de NO FUMAR, apartado Q del N\u00ba 1 del art\u00edculo 4 de la ley 37\/2007 de 14\/8, quien infrinja esta norma ser\u00e1 sancionado con una multa de 750 \u20ac.<\/li><\/ol><p>Precios de algunas de nuestras prendas: Toalla de ba\u00f1o 20\u20ac (unid); Toalla de Cara 6\u20ac (unid.); toalla de Bidet 8\u20ac (unid.); Albornoz 38\u20ac (unid.); Sabana 40\u20ac (unidad); Manta 50\u20ac (Unidad); Edred\u00f3n 90\u20ac; Funda de almohada 10\u20ac (unid).<\/p><p>\u00a0<\/p><p><strong>VII. ACCESO A LA HABITACI\u00d3N DEL HOTEL POR LA AVENIDA DEL <\/strong><strong>MOTEL AVENUE VALONGO<\/strong><\/p><p><strong>Motel Avenue Valongo<\/strong> y su personal tendr\u00e1n derecho a entrar en la habitaci\u00f3n del motel durante la estancia del Cliente, as\u00ed como para realizar labores de limpieza, reparaci\u00f3n y similares, o por cualquier otro motivo que provoque molestias en el establecimiento.<\/p><p>\u00a0<\/p><p><strong>VIII. PRECIO DE LA ESTANCIA Y OTROS PRECIOS<\/strong><br \/>1. El precio de la estancia a pagar por el Cliente constituye la contraprestaci\u00f3n por la puesta a disposici\u00f3n del uso de la habitaci\u00f3n del motel, en el per\u00edodo comprendido entre la llegada y la salida.<\/p><ol start=\"2\"><li>Las tarifas aplicables son los precios pactados o el valor indicado en la tarifa de precios de <strong>Motel Avenue Valongo<\/strong> vigente. <strong>Motel Avenue Valongo<\/strong> tendr\u00e1 derecho a aumentar o reducir los precios si transcurre un per\u00edodo de m\u00e1s de cuatro meses entre la fecha de reserva por parte del Cliente y la fecha de llegada o si se modifican o introducen impuestos, contribuciones de visitantes u otros cargos.<\/li><li>Las tarifas y cantidades indicadas en las condiciones y en el contrato de alojamiento son todas ellas m\u00e1s IVA, salvo que se establezca expresamente lo contrario.<\/li><li>Las reservas implican la adquisici\u00f3n de un pack de decoraci\u00f3n.<\/li><\/ol><p>\u00a0<\/p><ol><li><strong> T\u00c9RMINOS DE PAGO<\/strong><br \/>1. El valor de la estad\u00eda y los precios de los servicios adicionales deben pagarse por adelantado, cuando el Cliente llega al motel.<\/li><li>Si no se especifica la duraci\u00f3n de la estancia del Cliente, el precio de la estancia y los precios de los servicios adicionales de cada noche deber\u00e1n abonarse por adelantado, al final del tiempo elegido por el Cliente.<\/li><li>En el caso de estancias sin fecha de salida determinada, el impago del precio de la estancia y de los servicios adicionales en los t\u00e9rminos del n\u00famero anterior determina la resoluci\u00f3n inmediata del contrato y obliga inmediatamente al Cliente a desalojar la habitaci\u00f3n y entregar la misma al <strong>Motel Avenue Valongo<\/strong> libre de personas y bienes y en buen estado.<\/li><li><br \/>Las tarifas por servicios adicionales, en el sentido del apartado 1, ser\u00e1n, por ejemplo, los cargos relacionados con el aparcamiento, los precios del desayuno y otros cargos que no se mencionan expresamente en el contrato de alojamiento, que forman parte del valor de la estancia<\/li><li>El <strong>Motel Avenue Valongo<\/strong> acepta pagos en euros, American Express, tarjetas de cr\u00e9dito: Visa y MasterCard y MBway. Solo se permitir\u00e1n otros m\u00e9todos de pago en casos excepcionales, con el consentimiento otorgado por <strong>Motel Avenue Valongo<\/strong>.<\/li><li>El <strong>Motel Avenue Valongo<\/strong> no acepta cheques.<\/li><\/ol><p>\u00a0<\/p><ol><li><strong>X. RECLAMACIONES POR DEFECTOS MATERIALES<\/strong><br \/>El Cliente debe inspeccionar la habitaci\u00f3n del motel a su llegada e informar inmediatamente a la recepci\u00f3n del motel de cualquier defecto encontrado.<\/li><li>Los defectos que puedan surgir durante la estancia deber\u00e1n ser comunicados a la recepci\u00f3n del motel tan pronto como el Cliente tenga conocimiento de ellos.<\/li><li>Al verificar que efectivamente existe un defecto en la habitaci\u00f3n del Cliente, <strong>Motel Avenue Valongo<\/strong> tiene derecho a elegir entre repararla o reubicar al Cliente en una habitaci\u00f3n que tenga al menos la misma categor\u00eda contratada con el Cliente.<\/li><li><br \/>A los efectos antes mencionados, solo se tendr\u00e1n en cuenta los defectos graves que puedan poner en peligro el nivel de servicio y la calidad de <strong>Motel Avenue Valongo<\/strong>, sin que la Empresa est\u00e9 obligada a tomar ninguna medida en caso de quejas irrelevantes, irrazonables o relacionados con detalles que no entren en conflicto con el nivel m\u00ednimo de servicio contratado.<\/li><\/ol><p>\u00a0<\/p><ol start=\"5\"><li>Si <strong>Motel Avenue Valongo<\/strong> no dispone de medios para reparar el defecto correspondiente o para sustituir la habitaci\u00f3n del Cliente por otra de categor\u00eda equivalente o superior, el Cliente s\u00f3lo podr\u00e1 rescindir el contrato y recibir el precio pagado por la habitaci\u00f3n, previa entrada del cliente a la habitaci\u00f3n, no pudiendo exigir nada m\u00e1s al <strong>Motel Avenue Valongo<\/strong> por cualquier motivo.<\/li><\/ol><p>\u00a0<\/p><ol><li><strong> RESPONSABILIDAD DE MOTEL AVENUE LEIRIA-POMBAL<\/strong><\/li><li><strong>Motel Avenue Valongo<\/strong> s\u00f3lo ser\u00e1 responsable de los da\u00f1os o perjuicios sufridos por el Cliente cuando tales hechos sean culpa de <strong>Motel Avenue Valongo.<\/strong><\/li><li><strong>Motel Avenue Valongo<\/strong> no asume ninguna responsabilidad por la p\u00e9rdida de datos facilitados por el Cliente en caso de transmisi\u00f3n electr\u00f3nica de datos de pago, siendo \u00fanicamente responsable de ello en caso de actuaci\u00f3n culposa.<\/li><li><strong>Motel Avenue Valongo<\/strong> no asume ninguna responsabilidad por da\u00f1os o accidentes que ocurran dentro de la habitaci\u00f3n o cualquier parte del motel, a menos que tales accidentes sean causados \u200b\u200bpor culpa de <strong>Motel Avenue Valongo.<\/strong><\/li><li>El <strong>Motel Avenue Valongo<\/strong> no ser\u00e1 responsable ante el Cliente en caso de retraso en la puesta a disposici\u00f3n de la habitaci\u00f3n, siempre que exista una raz\u00f3n v\u00e1lida para no poner la habitaci\u00f3n a disposici\u00f3n a tiempo.<\/li><li>A los efectos del n\u00famero anterior, se considerar\u00e1n causas v\u00e1lidas que imposibiliten o dificulten la disponibilidad de habitaciones, tales como huelgas, cierres patronales, cat\u00e1strofes naturales, accidentes en la habitaci\u00f3n o en el motel.<\/li><li>En caso de retraso en la puesta a disposici\u00f3n de la habitaci\u00f3n m\u00e1s all\u00e1 de las 19:00 horas del d\u00eda de la reserva, el Cliente podr\u00e1 rescindir libremente el contrato sin tener derecho a exigir indemnizaci\u00f3n alguna al <strong>Motel Avenue Valongo.<\/strong><\/li><li><strong>Motel Avenue Valongo<\/strong> no asume ninguna responsabilidad por los actos realizados por cualquier empleado del motel, a menos que se encuentre en su horario normal de trabajo, debidamente identificado y uniformado como empleado de la empresa.<\/li><li><strong>Motel Avenue Valongo<\/strong> no asume ninguna responsabilidad, ni puede, bajo ninguna circunstancia, ser considerado responsable por el incumplimiento de las obligaciones accesorias.<\/li><li><strong>Motel Avenue Valongo<\/strong> no puede, bajo ninguna circunstancia, ser considerado responsable por la acci\u00f3n u omisi\u00f3n de cualquier otro Cliente, incluso si es probable que cause da\u00f1os o perjuicios a otro Cliente del motel. Todos y cada uno de los da\u00f1os causados \u200b\u200ba terceros por los Clientes del Motel ser\u00e1n responsabilidad exclusiva de estos y completamente ajenos al <strong>Motel Avenue Valongo.<\/strong><\/li><li><strong>Motel Avenue Valongo<\/strong> no asume ninguna responsabilidad ante el Cliente por cualquier lucro o p\u00e9rdidas indirectas, incluso si resultan del incumplimiento de una obligaci\u00f3n principal.<\/li><\/ol><p>\u00a0<\/p><p><strong>XII. FIN DEL CONTRATO DE ALOJAMIENTO<\/strong><br \/>1. <strong>Motel Avenue Valongo<\/strong> tiene derecho a rescindir el contrato de alojamiento si el Cliente no paga el precio total y oportuno en el momento de su vencimiento o no proporciona la garant\u00eda requerida.<\/p><ol start=\"2\"><li><strong>Motel Avenue Valongo<\/strong> tendr\u00e1 derecho a rescindir inmediatamente el contrato de alojamiento por justa causa si el Cliente tiene alg\u00fan comportamiento que afecte la buena convivencia, la tranquilidad o la higiene del motel, es decir, si durante su estancia en el motel, el Cliente est\u00e1n bajo la influencia de drogas o alcohol, usan una habitaci\u00f3n de motel para pr\u00e1cticas de prostituci\u00f3n, ofender a los empleados del motel u otros clientes del motel, perturbar la paz de otros clientes del motel o, en el pasado, haber realizado reservas falsas de forma maliciosa y\/o da\u00f1ado o destruido el motel o sus instalaciones.<\/li><\/ol><p><strong>XIII. DISPOSICIONES GENERALES<\/strong><br \/>1. Los T\u00e9rminos y Condiciones regulan completamente la estad\u00eda del Cliente en el <strong>Motel Avenue Valongo<\/strong> y el uso de la habitaci\u00f3n por parte del Cliente.<\/p><ol start=\"2\"><li>No se lleg\u00f3 a ning\u00fan acuerdo verbal a lo largo del contrato de alojamiento, toda modificaci\u00f3n del contrato entre las partes tendr\u00e1 que constar necesariamente en un documento escrito firmado por ambas partes, salvo que se trate de una declaraci\u00f3n unilateral, en cuyo caso deber\u00e1 constar en un documento escrito firmado por el emisor.<\/li><li><strong>Motel Avenue Valongo<\/strong> tendr\u00e1 derecho a que terceros cumplan con sus obligaciones en virtud y dentro del alcance del contrato de alojamiento.<\/li><li>La nulidad de una o varias de las disposiciones anteriores no afecta a la validez de las restantes. La disposici\u00f3n inv\u00e1lida ser\u00e1 reemplazada por la disposici\u00f3n v\u00e1lida, la m\u00e1s cercana a las intenciones comerciales y legales de las partes o si esto no es posible por la legislaci\u00f3n portuguesa vigente.<\/li><\/ol>\t\t\t\t\t\t\t\t<\/div>\n\t\t\t\t<\/div>\n\t\t\t\t\t<\/div>\n\t\t<\/div>\n\t\t\t\t\t<\/div>\n\t\t<\/section>\n\t\t\t\t<\/div>\n\t\t","protected":false},"excerpt":{"rendered":"<p>T\u00c9RMINOS Y CONDICIONES Registro Nacional de Empreendimentos Tur\u00edsticos (RNET): 8766 \u00c1MBITO DE APLICACI\u00d3NLos t\u00e9rminos y condiciones contenidos en este documento se aplicar\u00e1n a la relaci\u00f3n entre el visitante (en adelante, el \u201cCliente\u201d) y Motel Avenue Valongo desde el momento en que se solicita el check-in hasta el momento en que finaliza el per\u00edodo de alojamiento [&hellip;]<\/p>\n","protected":false},"author":1,"featured_media":0,"parent":0,"menu_order":0,"comment_status":"closed","ping_status":"closed","template":"elementor_header_footer","meta":{"_acf_changed":false,"footnotes":""},"class_list":["post-5973","page","type-page","status-publish","hentry"],"acf":[],"yoast_head":"<!-- This site is optimized with the Yoast SEO plugin v27.4 - https:\/\/yoast.com\/product\/yoast-seo-wordpress\/ -->\n<title>T\u00e9rminos y condiciones - Motel Valongo Espa\u00f1ol<\/title>\n<meta name=\"robots\" content=\"noindex, nofollow\" \/>\n<meta property=\"og:locale\" content=\"es_ES\" \/>\n<meta property=\"og:type\" content=\"article\" \/>\n<meta property=\"og:title\" content=\"T\u00e9rminos y condiciones - Motel Valongo Espa\u00f1ol\" \/>\n<meta property=\"og:description\" content=\"T\u00c9RMINOS Y CONDICIONES Registro Nacional de Empreendimentos Tur\u00edsticos (RNET): 8766 \u00c1MBITO DE APLICACI\u00d3NLos t\u00e9rminos y condiciones contenidos en este documento se aplicar\u00e1n a la relaci\u00f3n entre el visitante (en adelante, el \u201cCliente\u201d) y Motel Avenue Valongo desde el momento en que se solicita el check-in hasta el momento en que finaliza el per\u00edodo de alojamiento [&hellip;]\" \/>\n<meta property=\"og:url\" content=\"https:\/\/valongo.motelavenue.pt\/es\/terminos-y-condiciones\/\" \/>\n<meta property=\"og:site_name\" content=\"Motel Valongo Espa\u00f1ol\" \/>\n<meta property=\"article:modified_time\" content=\"2023-04-17T13:39:58+00:00\" \/>\n<meta name=\"twitter:card\" content=\"summary_large_image\" \/>\n<meta name=\"twitter:label1\" content=\"Tiempo de lectura\" \/>\n\t<meta name=\"twitter:data1\" content=\"10 minutos\" \/>\n<script type=\"application\/ld+json\" class=\"yoast-schema-graph\">{\"@context\":\"https:\\\/\\\/schema.org\",\"@graph\":[{\"@type\":\"WebPage\",\"@id\":\"https:\\\/\\\/valongo.motelavenue.pt\\\/es\\\/terminos-y-condiciones\\\/\",\"url\":\"https:\\\/\\\/valongo.motelavenue.pt\\\/es\\\/terminos-y-condiciones\\\/\",\"name\":\"T\u00e9rminos y condiciones - Motel Valongo Espa\u00f1ol\",\"isPartOf\":{\"@id\":\"https:\\\/\\\/valongo.motelavenue.pt\\\/es\\\/#website\"},\"datePublished\":\"2023-04-17T13:37:58+00:00\",\"dateModified\":\"2023-04-17T13:39:58+00:00\",\"breadcrumb\":{\"@id\":\"https:\\\/\\\/valongo.motelavenue.pt\\\/es\\\/terminos-y-condiciones\\\/#breadcrumb\"},\"inLanguage\":\"es\",\"potentialAction\":[{\"@type\":\"ReadAction\",\"target\":[\"https:\\\/\\\/valongo.motelavenue.pt\\\/es\\\/terminos-y-condiciones\\\/\"]}]},{\"@type\":\"BreadcrumbList\",\"@id\":\"https:\\\/\\\/valongo.motelavenue.pt\\\/es\\\/terminos-y-condiciones\\\/#breadcrumb\",\"itemListElement\":[{\"@type\":\"ListItem\",\"position\":1,\"name\":\"Portada\",\"item\":\"https:\\\/\\\/valongo.motelavenue.pt\\\/es\\\/\"},{\"@type\":\"ListItem\",\"position\":2,\"name\":\"T\u00e9rminos y condiciones\"}]},{\"@type\":\"WebSite\",\"@id\":\"https:\\\/\\\/valongo.motelavenue.pt\\\/es\\\/#website\",\"url\":\"https:\\\/\\\/valongo.motelavenue.pt\\\/es\\\/\",\"name\":\"Motel Valongo Espa\u00f1ol\",\"description\":\"El poder de la pasi\u00f3n\",\"publisher\":{\"@id\":\"https:\\\/\\\/valongo.motelavenue.pt\\\/es\\\/#organization\"},\"potentialAction\":[{\"@type\":\"SearchAction\",\"target\":{\"@type\":\"EntryPoint\",\"urlTemplate\":\"https:\\\/\\\/valongo.motelavenue.pt\\\/es\\\/?s={search_term_string}\"},\"query-input\":{\"@type\":\"PropertyValueSpecification\",\"valueRequired\":true,\"valueName\":\"search_term_string\"}}],\"inLanguage\":\"es\"},{\"@type\":\"Organization\",\"@id\":\"https:\\\/\\\/valongo.motelavenue.pt\\\/es\\\/#organization\",\"name\":\"Motel Valongo Espa\u00f1ol\",\"url\":\"https:\\\/\\\/valongo.motelavenue.pt\\\/es\\\/\",\"logo\":{\"@type\":\"ImageObject\",\"inLanguage\":\"es\",\"@id\":\"https:\\\/\\\/valongo.motelavenue.pt\\\/es\\\/#\\\/schema\\\/logo\\\/image\\\/\",\"url\":\"https:\\\/\\\/valongo.motelavenue.pt\\\/es\\\/wp-content\\\/uploads\\\/sites\\\/3\\\/cropped-valongo_vertical_rojo.png\",\"contentUrl\":\"https:\\\/\\\/valongo.motelavenue.pt\\\/es\\\/wp-content\\\/uploads\\\/sites\\\/3\\\/cropped-valongo_vertical_rojo.png\",\"width\":1000,\"height\":500,\"caption\":\"Motel Valongo Espa\u00f1ol\"},\"image\":{\"@id\":\"https:\\\/\\\/valongo.motelavenue.pt\\\/es\\\/#\\\/schema\\\/logo\\\/image\\\/\"}}]}<\/script>\n<!-- \/ Yoast SEO plugin. -->","yoast_head_json":{"title":"T\u00e9rminos y condiciones - Motel Valongo Espa\u00f1ol","robots":{"index":"noindex","follow":"nofollow"},"og_locale":"es_ES","og_type":"article","og_title":"T\u00e9rminos y condiciones - Motel Valongo Espa\u00f1ol","og_description":"T\u00c9RMINOS Y CONDICIONES Registro Nacional de Empreendimentos Tur\u00edsticos (RNET): 8766 \u00c1MBITO DE APLICACI\u00d3NLos t\u00e9rminos y condiciones contenidos en este documento se aplicar\u00e1n a la relaci\u00f3n entre el visitante (en adelante, el \u201cCliente\u201d) y Motel Avenue Valongo desde el momento en que se solicita el check-in hasta el momento en que finaliza el per\u00edodo de alojamiento [&hellip;]","og_url":"https:\/\/valongo.motelavenue.pt\/es\/terminos-y-condiciones\/","og_site_name":"Motel Valongo Espa\u00f1ol","article_modified_time":"2023-04-17T13:39:58+00:00","twitter_card":"summary_large_image","twitter_misc":{"Tiempo de lectura":"10 minutos"},"schema":{"@context":"https:\/\/schema.org","@graph":[{"@type":"WebPage","@id":"https:\/\/valongo.motelavenue.pt\/es\/terminos-y-condiciones\/","url":"https:\/\/valongo.motelavenue.pt\/es\/terminos-y-condiciones\/","name":"T\u00e9rminos y condiciones - Motel Valongo Espa\u00f1ol","isPartOf":{"@id":"https:\/\/valongo.motelavenue.pt\/es\/#website"},"datePublished":"2023-04-17T13:37:58+00:00","dateModified":"2023-04-17T13:39:58+00:00","breadcrumb":{"@id":"https:\/\/valongo.motelavenue.pt\/es\/terminos-y-condiciones\/#breadcrumb"},"inLanguage":"es","potentialAction":[{"@type":"ReadAction","target":["https:\/\/valongo.motelavenue.pt\/es\/terminos-y-condiciones\/"]}]},{"@type":"BreadcrumbList","@id":"https:\/\/valongo.motelavenue.pt\/es\/terminos-y-condiciones\/#breadcrumb","itemListElement":[{"@type":"ListItem","position":1,"name":"Portada","item":"https:\/\/valongo.motelavenue.pt\/es\/"},{"@type":"ListItem","position":2,"name":"T\u00e9rminos y condiciones"}]},{"@type":"WebSite","@id":"https:\/\/valongo.motelavenue.pt\/es\/#website","url":"https:\/\/valongo.motelavenue.pt\/es\/","name":"Motel Valongo Espa\u00f1ol","description":"El poder de la pasi\u00f3n","publisher":{"@id":"https:\/\/valongo.motelavenue.pt\/es\/#organization"},"potentialAction":[{"@type":"SearchAction","target":{"@type":"EntryPoint","urlTemplate":"https:\/\/valongo.motelavenue.pt\/es\/?s={search_term_string}"},"query-input":{"@type":"PropertyValueSpecification","valueRequired":true,"valueName":"search_term_string"}}],"inLanguage":"es"},{"@type":"Organization","@id":"https:\/\/valongo.motelavenue.pt\/es\/#organization","name":"Motel Valongo Espa\u00f1ol","url":"https:\/\/valongo.motelavenue.pt\/es\/","logo":{"@type":"ImageObject","inLanguage":"es","@id":"https:\/\/valongo.motelavenue.pt\/es\/#\/schema\/logo\/image\/","url":"https:\/\/valongo.motelavenue.pt\/es\/wp-content\/uploads\/sites\/3\/cropped-valongo_vertical_rojo.png","contentUrl":"https:\/\/valongo.motelavenue.pt\/es\/wp-content\/uploads\/sites\/3\/cropped-valongo_vertical_rojo.png","width":1000,"height":500,"caption":"Motel Valongo Espa\u00f1ol"},"image":{"@id":"https:\/\/valongo.motelavenue.pt\/es\/#\/schema\/logo\/image\/"}}]}},"_links":{"self":[{"href":"https:\/\/valongo.motelavenue.pt\/es\/wp-json\/wp\/v2\/pages\/5973","targetHints":{"allow":["GET"]}}],"collection":[{"href":"https:\/\/valongo.motelavenue.pt\/es\/wp-json\/wp\/v2\/pages"}],"about":[{"href":"https:\/\/valongo.motelavenue.pt\/es\/wp-json\/wp\/v2\/types\/page"}],"author":[{"embeddable":true,"href":"https:\/\/valongo.motelavenue.pt\/es\/wp-json\/wp\/v2\/users\/1"}],"replies":[{"embeddable":true,"href":"https:\/\/valongo.motelavenue.pt\/es\/wp-json\/wp\/v2\/comments?post=5973"}],"version-history":[{"count":4,"href":"https:\/\/valongo.motelavenue.pt\/es\/wp-json\/wp\/v2\/pages\/5973\/revisions"}],"predecessor-version":[{"id":5977,"href":"https:\/\/valongo.motelavenue.pt\/es\/wp-json\/wp\/v2\/pages\/5973\/revisions\/5977"}],"wp:attachment":[{"href":"https:\/\/valongo.motelavenue.pt\/es\/wp-json\/wp\/v2\/media?parent=5973"}],"curies":[{"name":"wp","href":"https:\/\/api.w.org\/{rel}","templated":true}]}}