{"id":5967,"date":"2023-04-17T15:36:12","date_gmt":"2023-04-17T13:36:12","guid":{"rendered":"https:\/\/valongo.motelavenue.pt\/es\/?page_id=5967"},"modified":"2023-04-17T15:37:31","modified_gmt":"2023-04-17T13:37:31","slug":"politica-de-cookies","status":"publish","type":"page","link":"https:\/\/valongo.motelavenue.pt\/es\/politica-de-cookies\/","title":{"rendered":"Pol\u00edtica de cookies"},"content":{"rendered":"\t\t<div data-elementor-type=\"wp-page\" data-elementor-id=\"5967\" class=\"elementor elementor-5967\" data-elementor-post-type=\"page\">\n\t\t\t\t\t\t<section class=\"elementor-section elementor-top-section elementor-element elementor-element-df6ae0a elementor-section-boxed elementor-section-height-default elementor-section-height-default\" data-id=\"df6ae0a\" data-element_type=\"section\" data-e-type=\"section\">\n\t\t\t\t\t\t<div class=\"elementor-container elementor-column-gap-default\">\n\t\t\t\t\t<div class=\"elementor-column elementor-col-100 elementor-top-column elementor-element elementor-element-19ef1f8\" data-id=\"19ef1f8\" data-element_type=\"column\" data-e-type=\"column\">\n\t\t\t<div class=\"elementor-widget-wrap elementor-element-populated\">\n\t\t\t\t\t\t<div class=\"elementor-element elementor-element-6e37190 elementor-widget elementor-widget-text-editor\" data-id=\"6e37190\" data-element_type=\"widget\" data-e-type=\"widget\" data-widget_type=\"text-editor.default\">\n\t\t\t\t<div class=\"elementor-widget-container\">\n\t\t\t\t\t\t\t\t\t<h1><strong>Pol\u00edtica de Cookies<\/strong><\/h1><p><strong>\u00bfQu\u00e9 son las cookies?<\/strong><\/p><p>Las \u201ccookies\u201d son peque\u00f1as etiquetas de software que se almacenan en los equipos a trav\u00e9s del navegador (browser), reteniendo \u00fanicamente informaci\u00f3n relativa a preferencias, sin incluir, como tales, datos personales.<\/p><p><strong>\u00bfPara qu\u00e9 sirven las Cookies?<\/strong><\/p><p>Las cookies sirven para ayudar a determinar la utilidad, el inter\u00e9s y el n\u00famero de usos de los sitios web, permitiendo una navegaci\u00f3n m\u00e1s r\u00e1pida y eficaz, eliminando la necesidad de introducir repetidamente la misma informaci\u00f3n.<\/p><p><strong>\u00bfQu\u00e9 tipo de cookies existen?<\/strong><\/p><p>Hay dos grupos de cookies que se pueden utilizar<\/p><p><em>Cookies permanentes:<\/em> son cookies que se almacenan en el navegador de los dispositivos (PC, m\u00f3vil y tableta) y que se utilizan cada vez que realiza una nueva visita a uno de los sitios web ya visitados. Se utilizan generalmente para orientar la navegaci\u00f3n a los intereses del usuario, permitiendo prestar un servicio m\u00e1s personalizado.<\/p><p><em>Cookies de sesi\u00f3n:<\/em> son cookies temporales que permanecen en el archivo de cookies del navegador hasta que abandona el sitio web. La informaci\u00f3n obtenida por estas cookies sirve para analizar patrones de tr\u00e1fico en la web, permiti\u00e9ndonos identificar problemas y brindar una mejor experiencia de navegaci\u00f3n.<\/p><p><strong>\u00bfPara qu\u00e9 fines utilizamos cookies?<\/strong><\/p><p><em>Cookies estrictamente necesarias: permiten la navegaci\u00f3n en el sitio web y el uso de aplicaciones, as\u00ed como el acceso a \u00e1reas seguras del sitio web. Sin estas cookies, no se pueden proporcionar los servicios requeridos.<\/em><\/p><p><em>Cookies anal\u00edticas: Se utilizan de forma an\u00f3nima con la finalidad de elaborar y analizar estad\u00edsticas, para mejorar el funcionamiento del sitio web.<\/em><\/p><p><em>Cookies de funcionalidad: Guardan las preferencias del usuario en cuanto al uso del sitio web, por lo que no es necesario reconfigurar el sitio web cada vez que lo visita.<\/em><\/p><p><em>Cookies de terceros: Miden el \u00e9xito de las aplicaciones y la eficacia de la publicidad de terceros. Tambi\u00e9n se pueden utilizar para personalizar un widget con datos de usuario.<\/em><\/p><p><em>Cookies publicitarias: Dirigen la publicidad en funci\u00f3n de los intereses de cada usuario, con el fin de dirigir las campa\u00f1as publicitarias teniendo en cuenta los gustos de los usuarios, y adem\u00e1s, limitar el n\u00famero de veces que se ve el anuncio, ayudando a medir la efectividad publicitaria y el \u00e9xito de la organizaci\u00f3n del sitio web.<\/em><\/p><p><strong>\u00bfC\u00f3mo puedes gestionar las cookies?<\/strong><\/p><p>Todos los navegadores permiten al usuario aceptar, rechazar o eliminar cookies, y tambi\u00e9n informan al usuario cada vez que se recibe una cookie, es decir, seleccionando la configuraci\u00f3n adecuada en el navegador respectivo. El usuario puede configurar las cookies en el men\u00fa de \u00abopciones\u00bb o \u00abpreferencias\u00bb de su navegador. Ver instrucciones aqu\u00ed. Cabe se\u00f1alar, sin embargo, que, al deshabilitar las cookies, es posible que algunos servicios web no funcionen correctamente, afectando, parcial o totalmente, la navegaci\u00f3n por el sitio web.<\/p>\t\t\t\t\t\t\t\t<\/div>\n\t\t\t\t<\/div>\n\t\t\t\t\t<\/div>\n\t\t<\/div>\n\t\t\t\t\t<\/div>\n\t\t<\/section>\n\t\t\t\t<\/div>\n\t\t","protected":false},"excerpt":{"rendered":"<p>Pol\u00edtica de Cookies \u00bfQu\u00e9 son las cookies? Las \u201ccookies\u201d son peque\u00f1as etiquetas de software que se almacenan en los equipos a trav\u00e9s del navegador (browser), reteniendo \u00fanicamente informaci\u00f3n relativa a preferencias, sin incluir, como tales, datos personales. \u00bfPara qu\u00e9 sirven las Cookies? Las cookies sirven para ayudar a determinar la utilidad, el inter\u00e9s y el [&hellip;]<\/p>\n","protected":false},"author":1,"featured_media":0,"parent":0,"menu_order":0,"comment_status":"closed","ping_status":"closed","template":"elementor_header_footer","meta":{"_acf_changed":false,"footnotes":""},"class_list":["post-5967","page","type-page","status-publish","hentry"],"acf":[],"yoast_head":"<!-- This site is optimized with the Yoast SEO plugin v27.5 - https:\/\/yoast.com\/product\/yoast-seo-wordpress\/ -->\n<title>Pol\u00edtica de cookies - Motel Valongo Espa\u00f1ol<\/title>\n<meta name=\"robots\" content=\"noindex, nofollow\" \/>\n<meta property=\"og:locale\" content=\"es_ES\" \/>\n<meta property=\"og:type\" content=\"article\" \/>\n<meta property=\"og:title\" content=\"Pol\u00edtica de cookies - Motel Valongo Espa\u00f1ol\" \/>\n<meta property=\"og:description\" content=\"Pol\u00edtica de Cookies \u00bfQu\u00e9 son las cookies? Las \u201ccookies\u201d son peque\u00f1as etiquetas de software que se almacenan en los equipos a trav\u00e9s del navegador (browser), reteniendo \u00fanicamente informaci\u00f3n relativa a preferencias, sin incluir, como tales, datos personales. \u00bfPara qu\u00e9 sirven las Cookies? Las cookies sirven para ayudar a determinar la utilidad, el inter\u00e9s y el [&hellip;]\" \/>\n<meta property=\"og:url\" content=\"https:\/\/valongo.motelavenue.pt\/es\/politica-de-cookies\/\" \/>\n<meta property=\"og:site_name\" content=\"Motel Valongo Espa\u00f1ol\" \/>\n<meta property=\"article:modified_time\" content=\"2023-04-17T13:37:31+00:00\" \/>\n<meta name=\"twitter:card\" content=\"summary_large_image\" \/>\n<meta name=\"twitter:label1\" content=\"Tiempo de lectura\" \/>\n\t<meta name=\"twitter:data1\" content=\"3 minutos\" \/>\n<script type=\"application\/ld+json\" class=\"yoast-schema-graph\">{\"@context\":\"https:\\\/\\\/schema.org\",\"@graph\":[{\"@type\":\"WebPage\",\"@id\":\"https:\\\/\\\/valongo.motelavenue.pt\\\/es\\\/politica-de-cookies\\\/\",\"url\":\"https:\\\/\\\/valongo.motelavenue.pt\\\/es\\\/politica-de-cookies\\\/\",\"name\":\"Pol\u00edtica de cookies - Motel Valongo Espa\u00f1ol\",\"isPartOf\":{\"@id\":\"https:\\\/\\\/valongo.motelavenue.pt\\\/es\\\/#website\"},\"datePublished\":\"2023-04-17T13:36:12+00:00\",\"dateModified\":\"2023-04-17T13:37:31+00:00\",\"breadcrumb\":{\"@id\":\"https:\\\/\\\/valongo.motelavenue.pt\\\/es\\\/politica-de-cookies\\\/#breadcrumb\"},\"inLanguage\":\"es\",\"potentialAction\":[{\"@type\":\"ReadAction\",\"target\":[\"https:\\\/\\\/valongo.motelavenue.pt\\\/es\\\/politica-de-cookies\\\/\"]}]},{\"@type\":\"BreadcrumbList\",\"@id\":\"https:\\\/\\\/valongo.motelavenue.pt\\\/es\\\/politica-de-cookies\\\/#breadcrumb\",\"itemListElement\":[{\"@type\":\"ListItem\",\"position\":1,\"name\":\"Portada\",\"item\":\"https:\\\/\\\/valongo.motelavenue.pt\\\/es\\\/\"},{\"@type\":\"ListItem\",\"position\":2,\"name\":\"Pol\u00edtica de cookies\"}]},{\"@type\":\"WebSite\",\"@id\":\"https:\\\/\\\/valongo.motelavenue.pt\\\/es\\\/#website\",\"url\":\"https:\\\/\\\/valongo.motelavenue.pt\\\/es\\\/\",\"name\":\"Motel Valongo Espa\u00f1ol\",\"description\":\"El poder de la pasi\u00f3n\",\"publisher\":{\"@id\":\"https:\\\/\\\/valongo.motelavenue.pt\\\/es\\\/#organization\"},\"potentialAction\":[{\"@type\":\"SearchAction\",\"target\":{\"@type\":\"EntryPoint\",\"urlTemplate\":\"https:\\\/\\\/valongo.motelavenue.pt\\\/es\\\/?s={search_term_string}\"},\"query-input\":{\"@type\":\"PropertyValueSpecification\",\"valueRequired\":true,\"valueName\":\"search_term_string\"}}],\"inLanguage\":\"es\"},{\"@type\":\"Organization\",\"@id\":\"https:\\\/\\\/valongo.motelavenue.pt\\\/es\\\/#organization\",\"name\":\"Motel Valongo Espa\u00f1ol\",\"url\":\"https:\\\/\\\/valongo.motelavenue.pt\\\/es\\\/\",\"logo\":{\"@type\":\"ImageObject\",\"inLanguage\":\"es\",\"@id\":\"https:\\\/\\\/valongo.motelavenue.pt\\\/es\\\/#\\\/schema\\\/logo\\\/image\\\/\",\"url\":\"https:\\\/\\\/valongo.motelavenue.pt\\\/es\\\/wp-content\\\/uploads\\\/sites\\\/3\\\/cropped-valongo_vertical_rojo.png\",\"contentUrl\":\"https:\\\/\\\/valongo.motelavenue.pt\\\/es\\\/wp-content\\\/uploads\\\/sites\\\/3\\\/cropped-valongo_vertical_rojo.png\",\"width\":1000,\"height\":500,\"caption\":\"Motel Valongo Espa\u00f1ol\"},\"image\":{\"@id\":\"https:\\\/\\\/valongo.motelavenue.pt\\\/es\\\/#\\\/schema\\\/logo\\\/image\\\/\"}}]}<\/script>\n<!-- \/ Yoast SEO plugin. -->","yoast_head_json":{"title":"Pol\u00edtica de cookies - Motel Valongo Espa\u00f1ol","robots":{"index":"noindex","follow":"nofollow"},"og_locale":"es_ES","og_type":"article","og_title":"Pol\u00edtica de cookies - Motel Valongo Espa\u00f1ol","og_description":"Pol\u00edtica de Cookies \u00bfQu\u00e9 son las cookies? Las \u201ccookies\u201d son peque\u00f1as etiquetas de software que se almacenan en los equipos a trav\u00e9s del navegador (browser), reteniendo \u00fanicamente informaci\u00f3n relativa a preferencias, sin incluir, como tales, datos personales. \u00bfPara qu\u00e9 sirven las Cookies? Las cookies sirven para ayudar a determinar la utilidad, el inter\u00e9s y el [&hellip;]","og_url":"https:\/\/valongo.motelavenue.pt\/es\/politica-de-cookies\/","og_site_name":"Motel Valongo Espa\u00f1ol","article_modified_time":"2023-04-17T13:37:31+00:00","twitter_card":"summary_large_image","twitter_misc":{"Tiempo de lectura":"3 minutos"},"schema":{"@context":"https:\/\/schema.org","@graph":[{"@type":"WebPage","@id":"https:\/\/valongo.motelavenue.pt\/es\/politica-de-cookies\/","url":"https:\/\/valongo.motelavenue.pt\/es\/politica-de-cookies\/","name":"Pol\u00edtica de cookies - Motel Valongo Espa\u00f1ol","isPartOf":{"@id":"https:\/\/valongo.motelavenue.pt\/es\/#website"},"datePublished":"2023-04-17T13:36:12+00:00","dateModified":"2023-04-17T13:37:31+00:00","breadcrumb":{"@id":"https:\/\/valongo.motelavenue.pt\/es\/politica-de-cookies\/#breadcrumb"},"inLanguage":"es","potentialAction":[{"@type":"ReadAction","target":["https:\/\/valongo.motelavenue.pt\/es\/politica-de-cookies\/"]}]},{"@type":"BreadcrumbList","@id":"https:\/\/valongo.motelavenue.pt\/es\/politica-de-cookies\/#breadcrumb","itemListElement":[{"@type":"ListItem","position":1,"name":"Portada","item":"https:\/\/valongo.motelavenue.pt\/es\/"},{"@type":"ListItem","position":2,"name":"Pol\u00edtica de cookies"}]},{"@type":"WebSite","@id":"https:\/\/valongo.motelavenue.pt\/es\/#website","url":"https:\/\/valongo.motelavenue.pt\/es\/","name":"Motel Valongo Espa\u00f1ol","description":"El poder de la pasi\u00f3n","publisher":{"@id":"https:\/\/valongo.motelavenue.pt\/es\/#organization"},"potentialAction":[{"@type":"SearchAction","target":{"@type":"EntryPoint","urlTemplate":"https:\/\/valongo.motelavenue.pt\/es\/?s={search_term_string}"},"query-input":{"@type":"PropertyValueSpecification","valueRequired":true,"valueName":"search_term_string"}}],"inLanguage":"es"},{"@type":"Organization","@id":"https:\/\/valongo.motelavenue.pt\/es\/#organization","name":"Motel Valongo Espa\u00f1ol","url":"https:\/\/valongo.motelavenue.pt\/es\/","logo":{"@type":"ImageObject","inLanguage":"es","@id":"https:\/\/valongo.motelavenue.pt\/es\/#\/schema\/logo\/image\/","url":"https:\/\/valongo.motelavenue.pt\/es\/wp-content\/uploads\/sites\/3\/cropped-valongo_vertical_rojo.png","contentUrl":"https:\/\/valongo.motelavenue.pt\/es\/wp-content\/uploads\/sites\/3\/cropped-valongo_vertical_rojo.png","width":1000,"height":500,"caption":"Motel Valongo Espa\u00f1ol"},"image":{"@id":"https:\/\/valongo.motelavenue.pt\/es\/#\/schema\/logo\/image\/"}}]}},"_links":{"self":[{"href":"https:\/\/valongo.motelavenue.pt\/es\/wp-json\/wp\/v2\/pages\/5967","targetHints":{"allow":["GET"]}}],"collection":[{"href":"https:\/\/valongo.motelavenue.pt\/es\/wp-json\/wp\/v2\/pages"}],"about":[{"href":"https:\/\/valongo.motelavenue.pt\/es\/wp-json\/wp\/v2\/types\/page"}],"author":[{"embeddable":true,"href":"https:\/\/valongo.motelavenue.pt\/es\/wp-json\/wp\/v2\/users\/1"}],"replies":[{"embeddable":true,"href":"https:\/\/valongo.motelavenue.pt\/es\/wp-json\/wp\/v2\/comments?post=5967"}],"version-history":[{"count":5,"href":"https:\/\/valongo.motelavenue.pt\/es\/wp-json\/wp\/v2\/pages\/5967\/revisions"}],"predecessor-version":[{"id":5972,"href":"https:\/\/valongo.motelavenue.pt\/es\/wp-json\/wp\/v2\/pages\/5967\/revisions\/5972"}],"wp:attachment":[{"href":"https:\/\/valongo.motelavenue.pt\/es\/wp-json\/wp\/v2\/media?parent=5967"}],"curies":[{"name":"wp","href":"https:\/\/api.w.org\/{rel}","templated":true}]}}